{"id":429,"date":"2019-12-02T11:59:45","date_gmt":"2019-12-02T10:59:45","guid":{"rendered":"http:\/\/avseccargo.pl\/en\/?page_id=429"},"modified":"2019-12-02T11:59:46","modified_gmt":"2019-12-02T10:59:46","slug":"privacy-policy","status":"publish","type":"page","link":"https:\/\/avseccargo.pl\/en\/privacy-policy\/","title":{"rendered":"Privacy policy"},"content":{"rendered":"\n<p><strong> Postanowienia Og\u00f3lne <\/strong><\/p>\n\n\n\n<ol><li>Administratorem danych jest Avsec Cargo z siedzib\u0105 w Warszawie,ul.  Pu\u0142awska 104\/11 wpisanej do Rejestru Przedsi\u0119biorc\u00f3w pod numerem NIP:  5242115505, REGON: 17326872. Ochrona danych odbywa si\u0119 zgodnie z  wymogami powszechnie obowi\u0105zuj\u0105cych przepis\u00f3w prawa,a ich przechowywanie  ma miejsce na zabezpieczonych serwerach.<\/li><li>Dla interpretacji termin\u00f3w stosuje si\u0119 s\u0142owniczek Regulaminu lub tak  jak zosta\u0142o to opisane w Polityce Prywatno\u015bci (je\u017celi wynika to  bezpo\u015brednio z opisu).<\/li><li>Na potrzeby lepszego odbioru Polityki Prywatno\u015bci termin  \u201eU\u017cytkownik\u201d zast\u0105piony zosta\u0142 okre\u015bleniem \u201eTy\u201d,\u201eAdministrator\u201d \u2013 \u201eMy\u201d.  Termin \u201eRODO\u201d oznacza Rozporz\u0105dzenie Parlamentu Europejskiego i Rady  (UE) 2016\/679 z dnia 27 kwietnia 2016 r. w sprawie ochrony os\u00f3b  fizycznych w zwi\u0105zku z przetwarzaniem danych osobowych i w sprawie  swobodnego przep\u0142ywu takich danych oraz uchylenia dyrektywy 95\/46\/WE.<\/li><li>Szanujemy prawo do prywatno\u015bci i dbamy o bezpiecze\u0144stwo danych. W  tym celu u\u017cywany jest m.in. bezpieczny protok\u00f3\u0142 szyfrowania komunikacji  (SSL).<\/li><li>Dane osobowe podawane w formularzach s\u0105 traktowane jako poufne i nie s\u0105 widoczne dla os\u00f3b nieuprawnionych. <\/li><\/ol>\n\n\n\n<p><strong>Administrator Danych <\/strong><\/p>\n\n\n\n<ol><li>Us\u0142ugodawca jest administratorem danych swoich klient\u00f3w. Oznacza  to,\u017ce je\u015bli posiadasz Konto na naszej stronie, to przetwarzamy Twoje  dane jak: imi\u0119, nazwisko, adres e-mail, stanowisko, miejsce pracy. W  przypadku os\u00f3b uczestnicz\u0105cych w bezpiecznych \u0142a\u0144cuchach dostaw,gdzie  wymagane jest sprawdzenie przesz\u0142o\u015bci to zbieramy dodatkowo dane takie  jak: imiona rodzic\u00f3w, data urodzenia, PESEL, historia zatrudnienia,  historia wykszta\u0142cenia, pa\u0144stwa pobytu.<\/li><li>Dane osobowe przetwarzane s\u0105: <ol type=\"1\"><li>zgodnie z przepisami dotycz\u0105cymi ochrony danych osobowych,<\/li><li>zgodnie z wdro\u017con\u0105 Polityk\u0105 Prywatno\u015bci,<\/li><li>w zakresie i celu niezb\u0119dnym do nawi\u0105zania,ukszta\u0142towania tre\u015bci  Umowy,zmiany b\u0105d\u017a jej rozwi\u0105zania oraz prawid\u0142owej realizacji Us\u0142ug  \u015bwiadczonych drog\u0105 elektroniczn\u0105,<\/li><li>w zakresie i celu niezb\u0119dnym do wype\u0142nienia uzasadnionych interes\u00f3w  (prawnie usprawiedliwionych cel\u00f3w),a przetwarzanie nie narusza praw i  wolno\u015bci osoby,kt\u00f3rej dane dotycz\u0105; <\/li><\/ol><\/li><li>Ka\u017cda osoba,kt\u00f3rej dane dotycz\u0105 (je\u017celi jeste\u015bmy ich  administratorem) ma prawo dost\u0119pu do danych,sprostowania,usuni\u0119cia lub  ograniczenia przetwarzania,prawo sprzeciwu,prawo wniesienia skargi do  organu nadzorczego.<\/li><li>Kontakt z osob\u0105 nadzoruj\u0105c\u0105 przetwarzanie danych osobowych w  organizacji Us\u0142ugodawcy jest mo\u017cliwy drog\u0105 elektroniczn\u0105 pod adresem  e-mail: <a href=\"mailto:bartosz.stolarek@avsec.pl\">bartosz.stolarek@avsec.pl<\/a><\/li><li>Zastrzegamy sobie prawo do przetwarzania Twoich danych po  rozwi\u0105zaniu Umowy lub cofni\u0119ciu zgody tylko w zakresie na potrzeby  dochodzenia ewentualnych roszcze\u0144 przed s\u0105dem lub je\u017celi przepisy  krajowe albo unijne b\u0105d\u017a prawa mi\u0119dzynarodowego obliguj\u0105 nas do retencji  danych.<\/li><li>Us\u0142ugodawca ma prawo udost\u0119pnia\u0107 dane osobowe U\u017cytkownika oraz  innych jego danych podmiotom upowa\u017cnionym na podstawie w\u0142a\u015bciwych  przepis\u00f3w prawa (np. organom \u015bcigania).<\/li><li>Usuni\u0119cie danych osobowych mo\u017ce nast\u0105pi\u0107 na skutek cofni\u0119cia zgody  b\u0105d\u017a wniesienia prawnie dopuszczalnego sprzeciwu na przetwarzanie danych  osobowych.<\/li><li>Us\u0142ugodawca nie udost\u0119pniania danych osobowych innym podmiotom ani\u017celi upowa\u017cnionym na podstawie w\u0142a\u015bciwych przepis\u00f3w prawa.<\/li><li>Wdro\u017cyli\u015bmy pseudonimizacj\u0119, szyfrowanie danych oraz mamy wprowadzon\u0105  kontrol\u0119 dost\u0119pu dzi\u0119ki czemu minimalizujemy skutki ewentualnego  naruszenia bezpiecze\u0144stwa danych.<\/li><li>Dane osobowe przetwarzaj\u0105 osoby wy\u0142\u0105cznie upowa\u017cnione przez nas albo przetwarzaj\u0105cy,z kt\u00f3rymi \u015bci\u015ble wsp\u00f3\u0142pracujemy. <\/li><\/ol>\n\n\n\n<p><strong> Pliki cookies <\/strong><\/p>\n\n\n\n<ol><li>Witryna www.avseccargo.pl u\u017cywa cookies. S\u0105 to niewielkie pliki  tekstowe wysy\u0142ane przez serwer www i przechowywane przez oprogramowanie  komputera przegl\u0105darki. Kiedy przegl\u0105darka ponownie po\u0142\u0105czy si\u0119 ze  stron\u0105,witryna rozpoznaje rodzaj urz\u0105dzenia,z kt\u00f3rego \u0142\u0105czy si\u0119  u\u017cytkownik. Parametry pozwalaj\u0105 na odczytanie informacji w nich  zawartych jedynie serwerowi,kt\u00f3ry je utworzy\u0142. Cookies u\u0142atwiaj\u0105 wi\u0119c  korzystanie z wcze\u015bniej odwiedzonych witryn. Gromadzone informacje  dotycz\u0105 adresu IP,typu wykorzystywanej przegl\u0105darki,j\u0119zyka,rodzaju  systemu operacyjnego,dostawcy us\u0142ug internetowych,informacji o czasie i  dacie,lokalizacji oraz informacji przesy\u0142anych do witryny za  po\u015brednictwem formularza kontaktowego.<\/li><li>Zebrane dane s\u0142u\u017c\u0105 do monitorowania i sprawdzenia,w jaki spos\u00f3b  u\u017cytkownicy korzystaj\u0105 z naszych witryn,aby usprawnia\u0107 funkcjonowanie  serwisu zapewniaj\u0105c bardziej efektywn\u0105 i bezproblemow\u0105 nawigacj\u0119.  Monitorowania informacji o u\u017cytkownikach dokonujemy korzystaj\u0105c z  narz\u0119dzia Google Analytics, kt\u00f3re rejestruje zachowanie u\u017cytkownika na  stronie. Cookies identyfikuje u\u017cytkownika,co pozwala na dopasowanie  tre\u015bci witryny,z kt\u00f3rej korzysta,do jego potrzeb. Stosujemy pliki  cookies,aby zagwarantowa\u0107 najwy\u017cszy standard wygody naszego serwisu,a  zebrane dane s\u0105 wykorzystywane jedynie wewn\u0105trz firmy Avsec&nbsp; Cargo w  celu optymalizacji dzia\u0142a\u0144.<\/li><li>Na naszej witrynie wykorzystujemy nast\u0119puj\u0105ce pliki cookies: <ol type=\"1\"><li>\u201eniezb\u0119dne\u201d pliki cookies,umo\u017cliwiaj\u0105ce korzystanie z us\u0142ug  dost\u0119pnych w ramach serwisu,np. uwierzytelniaj\u0105ce pliki cookies  wykorzystywane do us\u0142ug wymagaj\u0105cych uwierzytelniania w ramach serwisu,<\/li><li>pliki cookies s\u0142u\u017c\u0105ce do zapewnienia bezpiecze\u0144stwa,np.  wykorzystywane do wykrywania nadu\u017cy\u0107 w zakresie uwierzytelniania w  ramach serwisu,<\/li><li>\u201ewydajno\u015bciowe\u201d pliki cookies,umo\u017cliwiaj\u0105ce zbieranie informacji o sposobie korzystania ze stron internetowych serwisu,<\/li><li>\u201efunkcjonalne\u201d pliki cookies,umo\u017cliwiaj\u0105ce \u201ezapami\u0119tanie\u201d wybranych  przez u\u017cytkownika ustawie\u0144 i personalizacj\u0119 interfejsu u\u017cytkownika,np. w  zakresie wybranego j\u0119zyka lub regionu,z kt\u00f3rego pochodzi  u\u017cytkownik,rozmiaru czcionki,wygl\u0105du strony internetowej itp.;<\/li><li>U\u017cytkownik w ka\u017cdej chwili ma mo\u017cliwo\u015b\u0107 wy\u0142\u0105czenia lub przywr\u00f3cenia  opcji gromadzenia cookies poprzez zmian\u0119 ustawie\u0144 w przegl\u0105darce  internetowej. Instrukcja zarz\u0105dzania plikami cookies jest dost\u0119pna na  stronie <a rel=\"noreferrer noopener\" href=\"http:\/\/www.allaboutcookies.org\/manage-cookies\" target=\"_blank\">http:\/\/www.allaboutcookies.org\/manage-cookies<\/a>.<br> Dodatkowe dane osobowe,jak adres e-mail,zbierane s\u0105 jedynie w  miejscach,w kt\u00f3rych u\u017cytkownik wype\u0142niaj\u0105c formularz wyra\u017anie wyrazi\u0142 na  to zgod\u0119. Powy\u017csze dane zachowujemy i wykorzystujemy tylko do potrzeb  niezb\u0119dnych do wykonania danej funkcji.  <\/li><\/ol><\/li><\/ol>\n","protected":false},"excerpt":{"rendered":"<p>Postanowienia Og\u00f3lne Administratorem danych jest Avsec Cargo z siedzib\u0105 w Warszawie,ul. Pu\u0142awska 104\/11 wpisanej do Rejestru Przedsi\u0119biorc\u00f3w pod [&hellip;]<\/p>\n","protected":false},"author":3,"featured_media":0,"parent":0,"menu_order":0,"comment_status":"closed","ping_status":"closed","template":"","meta":{"_mi_skip_tracking":false,"_monsterinsights_sitenote_active":false,"_monsterinsights_sitenote_note":"","_monsterinsights_sitenote_category":0,"footnotes":""},"acf":[],"yoast_head":"<!-- This site is optimized with the Yoast SEO plugin v21.5 - https:\/\/yoast.com\/wordpress\/plugins\/seo\/ -->\n<title>Privacy policy - AVSEC EN<\/title>\n<meta name=\"robots\" content=\"index, follow, max-snippet:-1, max-image-preview:large, max-video-preview:-1\" \/>\n<link rel=\"canonical\" href=\"https:\/\/avseccargo.pl\/en\/privacy-policy\/\" \/>\n<meta property=\"og:locale\" content=\"pl_PL\" \/>\n<meta property=\"og:type\" content=\"article\" \/>\n<meta property=\"og:title\" content=\"Privacy policy - AVSEC EN\" \/>\n<meta property=\"og:description\" content=\"Postanowienia Og\u00f3lne Administratorem danych jest Avsec Cargo z siedzib\u0105 w Warszawie,ul. Pu\u0142awska 104\/11 wpisanej do Rejestru Przedsi\u0119biorc\u00f3w pod [&hellip;]\" \/>\n<meta property=\"og:url\" content=\"https:\/\/avseccargo.pl\/en\/privacy-policy\/\" \/>\n<meta property=\"og:site_name\" content=\"AVSEC EN\" \/>\n<meta property=\"article:modified_time\" content=\"2019-12-02T10:59:46+00:00\" \/>\n<meta name=\"twitter:card\" content=\"summary_large_image\" \/>\n<meta name=\"twitter:label1\" content=\"Szacowany czas czytania\" \/>\n\t<meta name=\"twitter:data1\" content=\"5 minut\" \/>\n<script type=\"application\/ld+json\" class=\"yoast-schema-graph\">{\"@context\":\"https:\/\/schema.org\",\"@graph\":[{\"@type\":\"WebPage\",\"@id\":\"https:\/\/avseccargo.pl\/en\/privacy-policy\/\",\"url\":\"https:\/\/avseccargo.pl\/en\/privacy-policy\/\",\"name\":\"Privacy policy - AVSEC EN\",\"isPartOf\":{\"@id\":\"https:\/\/avseccargo.pl\/en\/#website\"},\"datePublished\":\"2019-12-02T10:59:45+00:00\",\"dateModified\":\"2019-12-02T10:59:46+00:00\",\"breadcrumb\":{\"@id\":\"https:\/\/avseccargo.pl\/en\/privacy-policy\/#breadcrumb\"},\"inLanguage\":\"pl-PL\",\"potentialAction\":[{\"@type\":\"ReadAction\",\"target\":[\"https:\/\/avseccargo.pl\/en\/privacy-policy\/\"]}]},{\"@type\":\"BreadcrumbList\",\"@id\":\"https:\/\/avseccargo.pl\/en\/privacy-policy\/#breadcrumb\",\"itemListElement\":[{\"@type\":\"ListItem\",\"position\":1,\"name\":\"Strona g\u0142\u00f3wna\",\"item\":\"https:\/\/avseccargo.pl\/en\/\"},{\"@type\":\"ListItem\",\"position\":2,\"name\":\"Privacy policy\"}]},{\"@type\":\"WebSite\",\"@id\":\"https:\/\/avseccargo.pl\/en\/#website\",\"url\":\"https:\/\/avseccargo.pl\/en\/\",\"name\":\"AVSEC EN\",\"description\":\"Aviation Cecurity Expert\",\"potentialAction\":[{\"@type\":\"SearchAction\",\"target\":{\"@type\":\"EntryPoint\",\"urlTemplate\":\"https:\/\/avseccargo.pl\/en\/?s={search_term_string}\"},\"query-input\":\"required name=search_term_string\"}],\"inLanguage\":\"pl-PL\"}]}<\/script>\n<!-- \/ Yoast SEO plugin. -->","yoast_head_json":{"title":"Privacy policy - AVSEC EN","robots":{"index":"index","follow":"follow","max-snippet":"max-snippet:-1","max-image-preview":"max-image-preview:large","max-video-preview":"max-video-preview:-1"},"canonical":"https:\/\/avseccargo.pl\/en\/privacy-policy\/","og_locale":"pl_PL","og_type":"article","og_title":"Privacy policy - AVSEC EN","og_description":"Postanowienia Og\u00f3lne Administratorem danych jest Avsec Cargo z siedzib\u0105 w Warszawie,ul. Pu\u0142awska 104\/11 wpisanej do Rejestru Przedsi\u0119biorc\u00f3w pod [&hellip;]","og_url":"https:\/\/avseccargo.pl\/en\/privacy-policy\/","og_site_name":"AVSEC EN","article_modified_time":"2019-12-02T10:59:46+00:00","twitter_card":"summary_large_image","twitter_misc":{"Szacowany czas czytania":"5 minut"},"schema":{"@context":"https:\/\/schema.org","@graph":[{"@type":"WebPage","@id":"https:\/\/avseccargo.pl\/en\/privacy-policy\/","url":"https:\/\/avseccargo.pl\/en\/privacy-policy\/","name":"Privacy policy - AVSEC EN","isPartOf":{"@id":"https:\/\/avseccargo.pl\/en\/#website"},"datePublished":"2019-12-02T10:59:45+00:00","dateModified":"2019-12-02T10:59:46+00:00","breadcrumb":{"@id":"https:\/\/avseccargo.pl\/en\/privacy-policy\/#breadcrumb"},"inLanguage":"pl-PL","potentialAction":[{"@type":"ReadAction","target":["https:\/\/avseccargo.pl\/en\/privacy-policy\/"]}]},{"@type":"BreadcrumbList","@id":"https:\/\/avseccargo.pl\/en\/privacy-policy\/#breadcrumb","itemListElement":[{"@type":"ListItem","position":1,"name":"Strona g\u0142\u00f3wna","item":"https:\/\/avseccargo.pl\/en\/"},{"@type":"ListItem","position":2,"name":"Privacy policy"}]},{"@type":"WebSite","@id":"https:\/\/avseccargo.pl\/en\/#website","url":"https:\/\/avseccargo.pl\/en\/","name":"AVSEC EN","description":"Aviation Cecurity Expert","potentialAction":[{"@type":"SearchAction","target":{"@type":"EntryPoint","urlTemplate":"https:\/\/avseccargo.pl\/en\/?s={search_term_string}"},"query-input":"required name=search_term_string"}],"inLanguage":"pl-PL"}]}},"_links":{"self":[{"href":"https:\/\/avseccargo.pl\/en\/wp-json\/wp\/v2\/pages\/429"}],"collection":[{"href":"https:\/\/avseccargo.pl\/en\/wp-json\/wp\/v2\/pages"}],"about":[{"href":"https:\/\/avseccargo.pl\/en\/wp-json\/wp\/v2\/types\/page"}],"author":[{"embeddable":true,"href":"https:\/\/avseccargo.pl\/en\/wp-json\/wp\/v2\/users\/3"}],"replies":[{"embeddable":true,"href":"https:\/\/avseccargo.pl\/en\/wp-json\/wp\/v2\/comments?post=429"}],"version-history":[{"count":1,"href":"https:\/\/avseccargo.pl\/en\/wp-json\/wp\/v2\/pages\/429\/revisions"}],"predecessor-version":[{"id":430,"href":"https:\/\/avseccargo.pl\/en\/wp-json\/wp\/v2\/pages\/429\/revisions\/430"}],"wp:attachment":[{"href":"https:\/\/avseccargo.pl\/en\/wp-json\/wp\/v2\/media?parent=429"}],"curies":[{"name":"wp","href":"https:\/\/api.w.org\/{rel}","templated":true}]}}